{"id":3127,"date":"2024-01-18T08:14:25","date_gmt":"2024-01-18T08:14:25","guid":{"rendered":"http:\/\/motorxwp.themesflat.com\/?page_id=3127"},"modified":"2024-05-29T14:17:45","modified_gmt":"2024-05-29T14:17:45","slug":"about-us","status":"publish","type":"page","link":"https:\/\/fintechauto.az\/?page_id=3127","title":{"rendered":"Haqq\u0131m\u0131zda"},"content":{"rendered":"\t\t<div data-elementor-type=\"wp-page\" data-elementor-id=\"3127\" class=\"elementor elementor-3127\">\n\t\t\t\t<div class=\"elementor-element elementor-element-f1c61f9 e-con-full e-flex e-con e-parent\" data-id=\"f1c61f9\" data-element_type=\"container\">\n\t\t<div class=\"elementor-element elementor-element-d2884df e-flex e-con-boxed e-con e-child\" data-id=\"d2884df\" data-element_type=\"container\">\n\t\t\t\t\t<div class=\"e-con-inner\">\n\t\t<div class=\"elementor-element elementor-element-b985013 e-con-full e-flex e-con e-child\" data-id=\"b985013\" data-element_type=\"container\">\n\t\t\t\t<div class=\"elementor-element elementor-element-dc73396 elementor-widget__width-initial elementor-widget-mobile__width-inherit elementor-widget elementor-widget-tf-title-section\" data-id=\"dc73396\" data-element_type=\"widget\" data-widget_type=\"tf-title-section.default\">\n\t\t\t\t<div class=\"elementor-widget-container\">\n\t\t\t\t\t<div id=\"tf-title-section-dc73396\" class=\"tf-title-section tf-split-text style1  \" data-tabid=\"dc73396\"> \n\t\t\t\t\n\t\t\t\t<div class=\"title-section\">\n\t\t\t\t\t<div class=\"sub-title\">20% D\u018fN BA\u015eLAYAN \u0130LK\u0130N \u00d6D\u018fN\u0130\u015e<\/div>\n\t\t\t\t\t<h3 class=\"heading\"  data-splitting>T\u018fK \u015e\u018fXS\u0130YY\u018fT V\u018fS\u0130Q\u018fS\u0130 \u0130L\u018f AVTOMOB\u0130L SAH\u0130B\u0130 OLUN!<\/h3>\n\t\t\t\t\t\n\t\t\t\t<\/div>                \n            <\/div>\t\t\t\t<\/div>\n\t\t\t\t<\/div>\n\t\t\t\t<div class=\"elementor-element elementor-element-37708aa elementor-widget__width-auto elementor-widget elementor-widget-text-editor\" data-id=\"37708aa\" data-element_type=\"widget\" data-widget_type=\"text-editor.default\">\n\t\t\t\t<div class=\"elementor-widget-container\">\n\t\t\t\t\t\t\t\t\t<p>Fintech Lizing \u015firk\u0259ti 2023 ci ild\u0259n s\u0259rf\u0259li lizinq \u015f\u0259rtl\u0259ri il\u0259 m\u00fc\u015ft\u0259ril\u0259r\u0259 xidm\u0259t edir.\u00a0 Sad\u0259c\u0259 20%-d\u0259n ba\u015flayaraq ilkin \u00f6d\u0259ni\u015f etm\u0259kl\u0259 illik faiz d\u0259r\u0259c\u0259si 20% olmaqla ist\u0259diyiniz avtomobili \u0259ld\u0259 edib <span style=\"text-align: var(--text-align);\">12 aydan 48 aya d\u0259k\u00a0 \u00f6d\u0259y\u0259 bil\u0259rsiniz. 1 saat \u0259rzind\u0259 avtomibilinizi r\u0259smil\u0259\u015fdirib siz\u0259 t\u0259hvil veririk.<\/span><\/p>\t\t\t\t\t\t\t\t<\/div>\n\t\t\t\t<\/div>\n\t\t\t\t<\/div>\n\t\t<div class=\"elementor-element elementor-element-829f46d e-con-full e-flex e-con e-child\" data-id=\"829f46d\" data-element_type=\"container\">\n\t\t<div class=\"elementor-element elementor-element-f024d68 e-con-full e-flex e-con e-child\" data-id=\"f024d68\" data-element_type=\"container\">\n\t\t\t\t<div class=\"elementor-element elementor-element-f7e23d0 elementor-widget elementor-widget-tf_taxonomy\" data-id=\"f7e23d0\" data-element_type=\"widget\" data-widget_type=\"tf_taxonomy.default\">\n\t\t\t\t<div class=\"elementor-widget-container\">\n\t\t\t\t\t\t\t\t<div id=\"tf-taxonomy-f7e23d0\" class=\"tf-taxonomy-wrap tf-taxonomy tf-taxonomy-make column-mobile-1 column-tablet-3 style2 \" data-tabid=\"f7e23d0\">\r\n\t\t\t\t<div class=\"tf-taxonomy-inner row column-2\">\r\n\t\t\t\t\t\r\n\t\t\t\t\t\t\t\t\t\t\t\t\t<div class=\"item\">\r\n\t\t<div class=\"taxonomy-post taxonomy-post-27\">\r\n\t\t<div class=\"box-card\">\r\n\t\t\t<div class=\"box-card-inner\">\r\n\t\t\t\t<div class=\"feature-image\">\r\n\t\t\t\t\t<a href=\"https:\/\/fintechauto.az\/?make=tesla\" class=\"image-wrap\">\r\n\t\t\t\t\t\t<img decoding=\"async\" loading=\"lazy\" class=\"image-taxonomy\" src=\"https:\/\/fintechauto.az\/wp-content\/uploads\/2023\/12\/Tesla_logo.png\" alt=\"image\">\t\t\t\t\t<\/a>\r\n\t\t\t\t<\/div>\r\n\t\t\t\t<div class=\"content\">\r\n\t\t\t\t\t<h3 class=\"name\">\r\n\t\t\t\t\t\t<a href=\"https:\/\/fintechauto.az\/?make=tesla\">\r\n\t\t\t\t\t\t\tTesla\t\t\t\t\t\t<\/a>\r\n\t\t\t\t\t<\/h3>\r\n\t\t\t\t\t\t\t\t\t<\/div>\r\n\t\t\t<\/div>\r\n\t\t<\/div>\r\n\t<\/div>\r\n<\/div>\t\t\t\t\t\t\t\t\t\t\t\t\t<div class=\"item\">\r\n\t\t<div class=\"taxonomy-post taxonomy-post-33\">\r\n\t\t<div class=\"box-card\">\r\n\t\t\t<div class=\"box-card-inner\">\r\n\t\t\t\t<div class=\"feature-image\">\r\n\t\t\t\t\t<a href=\"https:\/\/fintechauto.az\/?make=audi\" class=\"image-wrap\">\r\n\t\t\t\t\t\t<img decoding=\"async\" loading=\"lazy\" class=\"image-taxonomy\" src=\"https:\/\/fintechauto.az\/wp-content\/uploads\/2023\/12\/audi-1.webp\" alt=\"image\">\t\t\t\t\t<\/a>\r\n\t\t\t\t<\/div>\r\n\t\t\t\t<div class=\"content\">\r\n\t\t\t\t\t<h3 class=\"name\">\r\n\t\t\t\t\t\t<a href=\"https:\/\/fintechauto.az\/?make=audi\">\r\n\t\t\t\t\t\t\tAudi\t\t\t\t\t\t<\/a>\r\n\t\t\t\t\t<\/h3>\r\n\t\t\t\t\t\t\t\t\t<\/div>\r\n\t\t\t<\/div>\r\n\t\t<\/div>\r\n\t<\/div>\r\n<\/div>\t\t\t\t\t\t\t\t\t\t\t\t\t<div class=\"item\">\r\n\t\t<div class=\"taxonomy-post taxonomy-post-37\">\r\n\t\t<div class=\"box-card\">\r\n\t\t\t<div class=\"box-card-inner\">\r\n\t\t\t\t<div class=\"feature-image\">\r\n\t\t\t\t\t<a href=\"https:\/\/fintechauto.az\/?make=bentley\" class=\"image-wrap\">\r\n\t\t\t\t\t\t<img decoding=\"async\" loading=\"lazy\" class=\"image-taxonomy\" src=\"https:\/\/fintechauto.az\/wp-content\/uploads\/2023\/12\/bentley-1.webp\" alt=\"image\">\t\t\t\t\t<\/a>\r\n\t\t\t\t<\/div>\r\n\t\t\t\t<div class=\"content\">\r\n\t\t\t\t\t<h3 class=\"name\">\r\n\t\t\t\t\t\t<a href=\"https:\/\/fintechauto.az\/?make=bentley\">\r\n\t\t\t\t\t\t\tBentley\t\t\t\t\t\t<\/a>\r\n\t\t\t\t\t<\/h3>\r\n\t\t\t\t\t\t\t\t\t<\/div>\r\n\t\t\t<\/div>\r\n\t\t<\/div>\r\n\t<\/div>\r\n<\/div>\t\t\t\t\t\t\t\t\t\t\t\t\t<div class=\"item\">\r\n\t\t<div class=\"taxonomy-post taxonomy-post-41\">\r\n\t\t<div class=\"box-card\">\r\n\t\t\t<div class=\"box-card-inner\">\r\n\t\t\t\t<div class=\"feature-image\">\r\n\t\t\t\t\t<a href=\"https:\/\/fintechauto.az\/?make=bmw\" class=\"image-wrap\">\r\n\t\t\t\t\t\t<img decoding=\"async\" loading=\"lazy\" class=\"image-taxonomy\" src=\"https:\/\/fintechauto.az\/wp-content\/uploads\/2023\/12\/bmv-1.webp\" alt=\"image\">\t\t\t\t\t<\/a>\r\n\t\t\t\t<\/div>\r\n\t\t\t\t<div class=\"content\">\r\n\t\t\t\t\t<h3 class=\"name\">\r\n\t\t\t\t\t\t<a href=\"https:\/\/fintechauto.az\/?make=bmw\">\r\n\t\t\t\t\t\t\tBmw\t\t\t\t\t\t<\/a>\r\n\t\t\t\t\t<\/h3>\r\n\t\t\t\t\t\t\t\t\t<\/div>\r\n\t\t\t<\/div>\r\n\t\t<\/div>\r\n\t<\/div>\r\n<\/div>\t\t\t\t\t\t\t\t\t\t\t\t\t<div class=\"item\">\r\n\t\t<div class=\"taxonomy-post taxonomy-post-44\">\r\n\t\t<div class=\"box-card\">\r\n\t\t\t<div class=\"box-card-inner\">\r\n\t\t\t\t<div class=\"feature-image\">\r\n\t\t\t\t\t<a href=\"https:\/\/fintechauto.az\/?make=chevrolet\" class=\"image-wrap\">\r\n\t\t\t\t\t\t<img decoding=\"async\" loading=\"lazy\" class=\"image-taxonomy\" src=\"https:\/\/fintechauto.az\/wp-content\/uploads\/2023\/12\/chevrolet-1.webp\" alt=\"image\">\t\t\t\t\t<\/a>\r\n\t\t\t\t<\/div>\r\n\t\t\t\t<div class=\"content\">\r\n\t\t\t\t\t<h3 class=\"name\">\r\n\t\t\t\t\t\t<a href=\"https:\/\/fintechauto.az\/?make=chevrolet\">\r\n\t\t\t\t\t\t\tChevrolet\t\t\t\t\t\t<\/a>\r\n\t\t\t\t\t<\/h3>\r\n\t\t\t\t\t\t\t\t\t<\/div>\r\n\t\t\t<\/div>\r\n\t\t<\/div>\r\n\t<\/div>\r\n<\/div>\t\t\t\t\t\t\t\t\t\t\t\t\t<div class=\"item\">\r\n\t\t<div class=\"taxonomy-post taxonomy-post-59\">\r\n\t\t<div class=\"box-card\">\r\n\t\t\t<div class=\"box-card-inner\">\r\n\t\t\t\t<div class=\"feature-image\">\r\n\t\t\t\t\t<a href=\"https:\/\/fintechauto.az\/?make=ferrari\" class=\"image-wrap\">\r\n\t\t\t\t\t\t<img decoding=\"async\" loading=\"lazy\" class=\"image-taxonomy\" src=\"https:\/\/fintechauto.az\/wp-content\/uploads\/2023\/12\/ferrari-1.webp\" alt=\"image\">\t\t\t\t\t<\/a>\r\n\t\t\t\t<\/div>\r\n\t\t\t\t<div class=\"content\">\r\n\t\t\t\t\t<h3 class=\"name\">\r\n\t\t\t\t\t\t<a href=\"https:\/\/fintechauto.az\/?make=ferrari\">\r\n\t\t\t\t\t\t\tFerrari\t\t\t\t\t\t<\/a>\r\n\t\t\t\t\t<\/h3>\r\n\t\t\t\t\t\t\t\t\t<\/div>\r\n\t\t\t<\/div>\r\n\t\t<\/div>\r\n\t<\/div>\r\n<\/div>\t\t\t\t\t\t\r\n\t\t\t\t\t\t\t\t\t\t<\/div>\r\n\t\t\t<\/div>\r\n\t\t\t\t\t\t<\/div>\n\t\t\t\t<\/div>\n\t\t\t\t<\/div>\n\t\t<div class=\"elementor-element elementor-element-011fec0 e-con-full e-flex e-con e-child\" data-id=\"011fec0\" data-element_type=\"container\">\n\t\t<div class=\"elementor-element elementor-element-087e99f e-con-full e-flex e-con e-child\" data-id=\"087e99f\" data-element_type=\"container\">\n\t\t<div class=\"elementor-element elementor-element-5bc226b e-con-full e-flex e-con e-child\" data-id=\"5bc226b\" data-element_type=\"container\" data-settings=\"{&quot;background_background&quot;:&quot;classic&quot;}\">\n\t\t\t\t<div class=\"elementor-element elementor-element-0f57519 elementor-widget elementor-widget-tf-counter\" data-id=\"0f57519\" data-element_type=\"widget\" data-widget_type=\"tf-counter.default\">\n\t\t\t\t<div class=\"elementor-widget-container\">\n\t\t\t\t\t<div id=\"tf-counter-0f57519\" class=\"tf-counter  flex-item style2\" data-tabid=\"0f57519\"> \r\n\t\t\t\t<div class=\"wrap-counter\">\r\n\t\t\t\t\t\t\t\t\t<div class=\"wrap-counter-inner\">\r\n\t\t\t\t\t\t\t\t\t\t<div class=\"content\">\r\n\t\t\t\t\t\t\t\t\t\t\t<div class=\"counter-number-wrapper\">\t\t\t\t\t\t\t\t\t\r\n\t\t\t\t\t\t\t\t\t\t\t\t\r\n\t\t\t\t\t\t\t\t\t\t\t\t<span class=\"counter-number\" data-from_value=\"0\" data-to_value=\"2\" data-duration=\"2000\" data-delimiter=\"\">0<\/span>\r\n\t\t\t\t\t\t\t\t\t\t\t\t<span class=\"counter-number-suffix\">k<\/span>\r\n\t\t\t\t\t\t\t\t\t\t\t<\/div>\r\n\t\t\t\t\t\t\t\t\t\t\t<div class=\"counter-title\">Aktiv m\u00fc\u015ft\u0259ri say\u0131<\/div>\r\n\t\t\t\t\t\t\t\t\t\t<\/div>\r\n\t\t\t\t\t\t\t\t\t<\/div>\r\n\t\t\t\t\t\t\t\t<\/div>                \r\n            <\/div>\t\t\t\t<\/div>\n\t\t\t\t<\/div>\n\t\t\t\t<\/div>\n\t\t\t\t<\/div>\n\t\t<div class=\"elementor-element elementor-element-0652ac7 e-con-full e-flex e-con e-child\" data-id=\"0652ac7\" data-element_type=\"container\">\n\t\t\t\t<div class=\"elementor-element elementor-element-efdedac elementor-absolute elementor-hidden-mobile elementor-widget elementor-widget-tf-counter\" data-id=\"efdedac\" data-element_type=\"widget\" data-settings=\"{&quot;_position&quot;:&quot;absolute&quot;}\" data-widget_type=\"tf-counter.default\">\n\t\t\t\t<div class=\"elementor-widget-container\">\n\t\t\t\t\t<div id=\"tf-counter-efdedac\" class=\"tf-counter   default\" data-tabid=\"efdedac\"> \r\n\t\t\t\t<div class=\"wrap-counter\">\r\n\t\t\t\t\t\t\t\t\t<div class=\"wrap-counter-inner\">\r\n\t\t\t\t\t\t\t\t\t\t\t\r\n\t\t\t\t\t\t\t\t\t\t<div class=\"content\">\r\n\t\t\t\t\t\t\t\t\t\t\t<div class=\"counter-number-wrapper\">\t\t\t\t\t\t\t\t\t\r\n\t\t\t\t\t\t\t\t\t\t\t\t\r\n\t\t\t\t\t\t\t\t\t\t\t\t<span class=\"counter-number\" data-from_value=\"0\" data-to_value=\"10\" data-duration=\"2000\" data-delimiter=\"\">0<\/span>\r\n\t\t\t\t\t\t\t\t\t\t\t\t\r\n\t\t\t\t\t\t\t\t\t\t\t<\/div>\r\n\t\t\t\t\t\t\t\t\t\t\t<div class=\"counter-title\">\u0130llik T\u0259cr\u00fcb\u0259<\/div>\r\n\t\t\t\t\t\t\t\t\t\t<\/div>\r\n\t\t\t\t\t\t\t\t\t<\/div>\r\n\t\t\t\t\t\t\t\t<\/div>                \r\n            <\/div>\t\t\t\t<\/div>\n\t\t\t\t<\/div>\n\t\t\t\t<div class=\"elementor-element elementor-element-28a0538 elementor-widget elementor-widget-image\" data-id=\"28a0538\" data-element_type=\"widget\" data-widget_type=\"image.default\">\n\t\t\t\t<div class=\"elementor-widget-container\">\n\t\t\t\t\t\t\t\t\t\t\t\t\t\t\t<img fetchpriority=\"high\" decoding=\"async\" width=\"800\" height=\"419\" src=\"https:\/\/fintechauto.az\/wp-content\/uploads\/2023\/12\/img5_02.webp\" class=\"attachment-full size-full wp-image-629\" alt=\"\" srcset=\"https:\/\/fintechauto.az\/wp-content\/uploads\/2023\/12\/img5_02.webp 800w, https:\/\/fintechauto.az\/wp-content\/uploads\/2023\/12\/img5_02-300x157.webp 300w, https:\/\/fintechauto.az\/wp-content\/uploads\/2023\/12\/img5_02-768x402.webp 768w\" sizes=\"(max-width: 800px) 100vw, 800px\" \/>\t\t\t\t\t\t\t\t\t\t\t\t\t\t\t<\/div>\n\t\t\t\t<\/div>\n\t\t\t\t<\/div>\n\t\t\t\t<\/div>\n\t\t\t\t<\/div>\n\t\t\t\t\t<\/div>\n\t\t\t\t<\/div>\n\t\t\t\t<\/div>\n\t\t<div class=\"elementor-element elementor-element-9033f3b e-flex e-con-boxed e-con e-parent\" data-id=\"9033f3b\" data-element_type=\"container\" data-settings=\"{&quot;background_background&quot;:&quot;classic&quot;}\">\n\t\t\t\t\t<div class=\"e-con-inner\">\n\t\t<div class=\"elementor-element elementor-element-1237694 e-flex e-con-boxed e-con e-child\" data-id=\"1237694\" data-element_type=\"container\" data-settings=\"{&quot;background_background&quot;:&quot;classic&quot;}\">\n\t\t\t\t\t<div class=\"e-con-inner\">\n\t\t\t\t<div class=\"elementor-element elementor-element-91b34e6 elementor-widget__width-initial elementor-widget-tablet__width-inherit elementor-widget elementor-widget-shortcode\" data-id=\"91b34e6\" data-element_type=\"widget\" data-widget_type=\"shortcode.default\">\n\t\t\t\t<div class=\"elementor-widget-container\">\n\t\t\t\t\t\t\t<div class=\"elementor-shortcode\">\n<div class=\"wpcf7 no-js\" id=\"wpcf7-f894-o1\" lang=\"en-US\" dir=\"ltr\" data-wpcf7-id=\"894\">\n<div class=\"screen-reader-response\"><p role=\"status\" aria-live=\"polite\" aria-atomic=\"true\"><\/p> <ul><\/ul><\/div>\n<form action=\"\/index.php?rest_route=%2Fwp%2Fv2%2Fpages%2F3127#wpcf7-f894-o1\" method=\"post\" class=\"wpcf7-form init\" aria-label=\"Contact form\" novalidate=\"novalidate\" data-status=\"init\">\n<div style=\"display: none;\">\n<input type=\"hidden\" name=\"_wpcf7\" value=\"894\" \/>\n<input type=\"hidden\" name=\"_wpcf7_version\" value=\"6.0.3\" \/>\n<input type=\"hidden\" name=\"_wpcf7_locale\" value=\"en_US\" \/>\n<input type=\"hidden\" name=\"_wpcf7_unit_tag\" value=\"wpcf7-f894-o1\" \/>\n<input type=\"hidden\" name=\"_wpcf7_container_post\" value=\"0\" \/>\n<input type=\"hidden\" name=\"_wpcf7_posted_data_hash\" value=\"\" \/>\n<\/div>\n<div class=\"contact-home3\">\n  <div class=\"group-title\">\n     <h3>El\u0259 indi \u0259laq\u0259 saxlay\u0131n <\/h3>\n      <p>Mail \u00fcnvan\u0131n\u0131z he\u00e7 bir yerd\u0259 payla\u015f\u0131lm\u0131r<\/p>\n  <\/div>\n  <input size=\"40\" maxlength=\"400\" class=\"wpcf7-form-control wpcf7-text wpcf7-validates-as-required\" aria-required=\"true\" aria-invalid=\"false\" placeholder=\"Ad v\u0259 soy ad\u0131n\u0131z\u0131 yaz\u0131n\" value=\"\" type=\"text\" name=\"text-859\" \/>\n  <input size=\"40\" maxlength=\"400\" class=\"wpcf7-form-control wpcf7-email wpcf7-validates-as-required wpcf7-text wpcf7-validates-as-email\" aria-required=\"true\" aria-invalid=\"false\" placeholder=\"Email \u00fcnvan\u0131n\u0131z\" value=\"\" type=\"email\" name=\"email-848\" \/>\n  <textarea cols=\"40\" rows=\"10\" maxlength=\"2000\" class=\"wpcf7-form-control wpcf7-textarea\" aria-invalid=\"false\" name=\"textarea-513\">Biz\u0259 yaz\u0131n.....<\/textarea>\n  <button type=\"submit\"> Mesaj g\u00f6nd\u0259r <i class=\"icon-motorx-arrow-right\"><\/i> <\/button>\n<\/div><div class=\"wpcf7-response-output\" aria-hidden=\"true\"><\/div>\n<\/form>\n<\/div>\n<\/div>\n\t\t\t\t\t\t<\/div>\n\t\t\t\t<\/div>\n\t\t\t\t<div class=\"elementor-element elementor-element-b451166 elementor-widget__width-initial elementor-widget-tablet__width-inherit elementor-widget elementor-widget-tf-title-section\" data-id=\"b451166\" data-element_type=\"widget\" data-widget_type=\"tf-title-section.default\">\n\t\t\t\t<div class=\"elementor-widget-container\">\n\t\t\t\t\t<div id=\"tf-title-section-b451166\" class=\"tf-title-section tf-split-text style1  \" data-tabid=\"b451166\"> \n\t\t\t\t\n\t\t\t\t<div class=\"title-section\">\n\t\t\t\t\t\n\t\t\t\t\t<h3 class=\"heading\" data-title=\"Fintech Lizinq\" data-splitting>Fintech Lizinq<\/h3>\n\t\t\t\t\t\n\t\t\t\t<\/div>                \n            <\/div>\t\t\t\t<\/div>\n\t\t\t\t<\/div>\n\t\t\t\t\t<\/div>\n\t\t\t\t<\/div>\n\t\t\t\t\t<\/div>\n\t\t\t\t<\/div>\n\t\t\t\t<\/div>\n\t\t","protected":false},"excerpt":{"rendered":"<p>20% D\u018fN BA\u015eLAYAN \u0130LK\u0130N \u00d6D\u018fN\u0130\u015e T\u018fK \u015e\u018fXS\u0130YY\u018fT V\u018fS\u0130Q\u018fS\u0130 \u0130L\u018f AVTOMOB\u0130L SAH\u0130B\u0130 OLUN! Fintech Lizing \u015firk\u0259ti 2023 ci ild\u0259n s\u0259rf\u0259li lizinq \u015f\u0259rtl\u0259ri il\u0259 m\u00fc\u015ft\u0259ril\u0259r\u0259 xidm\u0259t edir.\u00a0 [&hellip;]<\/p>\n","protected":false},"author":1,"featured_media":0,"parent":0,"menu_order":0,"comment_status":"closed","ping_status":"closed","template":"elementor_header_footer","meta":{"footnotes":""},"class_list":["post-3127","page","type-page","status-publish","hentry"],"_links":{"self":[{"href":"https:\/\/fintechauto.az\/index.php?rest_route=\/wp\/v2\/pages\/3127","targetHints":{"allow":["GET"]}}],"collection":[{"href":"https:\/\/fintechauto.az\/index.php?rest_route=\/wp\/v2\/pages"}],"about":[{"href":"https:\/\/fintechauto.az\/index.php?rest_route=\/wp\/v2\/types\/page"}],"author":[{"embeddable":true,"href":"https:\/\/fintechauto.az\/index.php?rest_route=\/wp\/v2\/users\/1"}],"replies":[{"embeddable":true,"href":"https:\/\/fintechauto.az\/index.php?rest_route=%2Fwp%2Fv2%2Fcomments&post=3127"}],"version-history":[{"count":23,"href":"https:\/\/fintechauto.az\/index.php?rest_route=\/wp\/v2\/pages\/3127\/revisions"}],"predecessor-version":[{"id":5258,"href":"https:\/\/fintechauto.az\/index.php?rest_route=\/wp\/v2\/pages\/3127\/revisions\/5258"}],"wp:attachment":[{"href":"https:\/\/fintechauto.az\/index.php?rest_route=%2Fwp%2Fv2%2Fmedia&parent=3127"}],"curies":[{"name":"wp","href":"https:\/\/api.w.org\/{rel}","templated":true}]}}